{"id":353830,"date":"2024-06-09T00:28:00","date_gmt":"2024-06-08T21:28:00","guid":{"rendered":"https:\/\/monterra.com.tr\/?page_id=353830"},"modified":"2024-06-09T00:40:02","modified_gmt":"2024-06-08T21:40:02","slug":"blog","status":"publish","type":"page","link":"https:\/\/monterra.com.tr\/index.php\/blog\/","title":{"rendered":"Blog"},"content":{"rendered":"<p>[et_pb_section fb_built=&#8221;1&#8243; custom_padding_last_edited=&#8221;on|phone&#8221; admin_label=&#8221;Section &#8211; 7-9 Header Divi Layout Kit &#8211; BG Image 1900&#215;1160 Pixels&#8221; module_class=&#8221;header7&#8243; _builder_version=&#8221;4.25.1&#8243; background_image=&#8221;https:\/\/monterra.com.tr\/wp-content\/uploads\/2024\/05\/Adsiz-tasarim-34.png&#8221; background_enable_mask_style=&#8221;on&#8221; background_mask_style=&#8221;caret&#8221; background_mask_transform=&#8221;flip_horizontal&#8221; background_mask_aspect_ratio=&#8221;square&#8221; background_mask_blend_mode=&#8221;hue&#8221; custom_padding=&#8221;7.8vw||11vw|&#8221; custom_padding_tablet=&#8221;6vw||6vw|&#8221; custom_padding_phone=&#8221;8vw||8vw|&#8221; global_colors_info=&#8221;{}&#8221;][et_pb_row column_structure=&#8221;1_2,1_2&#8243; admin_label=&#8221;Row &#8211; 7-9 Header Divi Layout Kit&#8221; _builder_version=&#8221;4.16&#8243; background_size=&#8221;initial&#8221; background_position=&#8221;top_left&#8221; background_repeat=&#8221;repeat&#8221; global_colors_info=&#8221;{}&#8221;][et_pb_column type=&#8221;1_2&#8243; _builder_version=&#8221;4.16&#8243; custom_padding=&#8221;|||&#8221; global_colors_info=&#8221;{}&#8221; custom_padding__hover=&#8221;|||&#8221;][et_pb_cta title=&#8221;BLOG&#8221; admin_label=&#8221;CTA &#8211; We Bring Good Things To Life.&#8221; _builder_version=&#8221;4.16&#8243; header_font=&#8221;Open Sans|on||on|&#8221; header_text_color=&#8221;#ffffff&#8221; header_font_size=&#8221;6vw&#8221; body_font=&#8221;Open Sans||||&#8221; body_text_color=&#8221;#ffffff&#8221; body_font_size=&#8221;30&#8243; use_background_color=&#8221;off&#8221; background_size=&#8221;initial&#8221; background_position=&#8221;top_left&#8221; background_repeat=&#8221;repeat&#8221; text_orientation=&#8221;left&#8221; custom_padding=&#8221;|4vw||&#8221; custom_padding_tablet=&#8221;&#8221; custom_padding_phone=&#8221;&#8221; custom_padding_last_edited=&#8221;on|phone&#8221; header_font_size_tablet=&#8221;40&#8243; header_font_size_phone=&#8221;30&#8243; header_font_size_last_edited=&#8221;on|desktop&#8221; body_font_size_tablet=&#8221;25&#8243; body_font_size_phone=&#8221;20&#8243; body_font_size_last_edited=&#8221;on|phone&#8221; custom_css_promo_description=&#8221;line-height: 120% !important;&#8221; custom_css_promo_title=&#8221;letter-spacing: -5px;|| line-height: 93%;|| padding-bottom: 35px;&#8221; global_colors_info=&#8221;{}&#8221; button_text_size__hover_enabled=&#8221;off&#8221; button_one_text_size__hover_enabled=&#8221;off&#8221; button_two_text_size__hover_enabled=&#8221;off&#8221; button_text_color__hover_enabled=&#8221;off&#8221; button_one_text_color__hover_enabled=&#8221;off&#8221; button_two_text_color__hover_enabled=&#8221;off&#8221; button_border_width__hover_enabled=&#8221;off&#8221; button_one_border_width__hover_enabled=&#8221;off&#8221; button_two_border_width__hover_enabled=&#8221;off&#8221; button_border_color__hover_enabled=&#8221;off&#8221; button_one_border_color__hover_enabled=&#8221;off&#8221; button_two_border_color__hover_enabled=&#8221;off&#8221; button_border_radius__hover_enabled=&#8221;off&#8221; button_one_border_radius__hover_enabled=&#8221;off&#8221; button_two_border_radius__hover_enabled=&#8221;off&#8221; button_letter_spacing__hover_enabled=&#8221;off&#8221; button_one_letter_spacing__hover_enabled=&#8221;off&#8221; button_two_letter_spacing__hover_enabled=&#8221;off&#8221; button_bg_color__hover_enabled=&#8221;off&#8221; button_one_bg_color__hover_enabled=&#8221;off&#8221; button_two_bg_color__hover_enabled=&#8221;off&#8221;]<\/p>\n<p>Blog yaz\u0131lar\u0131m\u0131z\u0131 inceleyin.<\/p>\n<p>[\/et_pb_cta][et_pb_image src=&#8221;https:\/\/monterra.com.tr\/wp-content\/uploads\/2024\/05\/arrow.png&#8221; url=&#8221;#&#8221; align_tablet=&#8221;center&#8221; align_phone=&#8221;center&#8221; align_last_edited=&#8221;on|desktop&#8221; admin_label=&#8221;Image 49&#215;49 Pixels&#8221; _builder_version=&#8221;4.16&#8243; custom_margin=&#8221;1.3vw|||&#8221; animation_direction=&#8221;off&#8221; custom_css_main_element=&#8221;height: auto !important;|| background-image: none !important;&#8221; animation=&#8221;off&#8221; global_colors_info=&#8221;{}&#8221;][\/et_pb_image][\/et_pb_column][et_pb_column type=&#8221;1_2&#8243; _builder_version=&#8221;4.16&#8243; custom_padding=&#8221;|||&#8221; global_colors_info=&#8221;{}&#8221; custom_padding__hover=&#8221;|||&#8221;][\/et_pb_column][\/et_pb_row][\/et_pb_section][et_pb_section fb_built=&#8221;1&#8243; admin_label=&#8221;Wave Blog Module&#8221; module_class=&#8221;blog3_venus&#8221; _builder_version=&#8221;4.16&#8243; background_color=&#8221;#f9fafb&#8221; custom_padding=&#8221;5%||5%||false&#8221; locked=&#8221;off&#8221; collapsed=&#8221;on&#8221; global_colors_info=&#8221;{}&#8221;][et_pb_row admin_label=&#8221;Wave Blog Module&#8221; _builder_version=&#8221;4.25.1&#8243; max_width=&#8221;1195px&#8221; hover_enabled=&#8221;0&#8243; use_custom_width=&#8221;on&#8221; custom_width_px=&#8221;1195px&#8221; collapsed=&#8221;on&#8221; global_colors_info=&#8221;{}&#8221; sticky_enabled=&#8221;0&#8243;][et_pb_column type=&#8221;4_4&#8243; _builder_version=&#8221;4.16&#8243; custom_padding=&#8221;|||&#8221; global_colors_info=&#8221;{}&#8221; custom_padding__hover=&#8221;|||&#8221;][et_pb_blog posts_number=&#8221;-1&#8243; include_categories=&#8221;20,57,27,21&#8243; show_more=&#8221;on&#8221; show_author=&#8221;off&#8221; show_pagination=&#8221;off&#8221; admin_label=&#8221;Wave Blog Module&#8221; _builder_version=&#8221;4.25.1&#8243; header_font=&#8221;Poppins|700|||||||&#8221; header_text_align=&#8221;center&#8221; header_text_color=&#8221;#194077&#8243; header_font_size=&#8221;20px&#8221; header_line_height=&#8221;33px&#8221; body_font=&#8221;Roboto||||||||&#8221; body_text_align=&#8221;center&#8221; body_text_color=&#8221;#595f6f&#8221; body_font_size=&#8221;16px&#8221; body_line_height=&#8221;26px&#8221; meta_font=&#8221;Poppins|||on|||||&#8221; meta_text_align=&#8221;center&#8221; meta_text_color=&#8221;#595f6f&#8221; meta_font_size=&#8221;16px&#8221; meta_line_height=&#8221;28px&#8221; hover_enabled=&#8221;0&#8243; header_font_size_tablet=&#8221;20px&#8221; header_font_size_phone=&#8221;&#8221; header_font_size_last_edited=&#8221;on|tablet&#8221; header_line_height_tablet=&#8221;130%&#8221; header_line_height_phone=&#8221;&#8221; header_line_height_last_edited=&#8221;on|tablet&#8221; custom_css_title=&#8221;font-weight: 400;|| max-width: 270px;|| margin: 0 auto;|| padding-bottom: 14px;&#8221; custom_css_content=&#8221;font-weight: 400;||max-width: 270px;|| margin: 0 auto 28px;&#8221; custom_css_post_meta=&#8221;font-weight: 400;||border-top: 1px solid #194077;|| max-width: 270px;|| margin: 0 auto;|| padding-top: 22px;||z-index: 10;|| position: relative;&#8221; custom_css_read_more=&#8221;display: none;||&#8221; border_width_all=&#8221;0px&#8221; global_colors_info=&#8221;{}&#8221; header_level=&#8221;h3&#8243; excerpt_length=&#8221;100&#8243; show_date=&#8221;off&#8221; sticky_enabled=&#8221;0&#8243; read_more_text_color=&#8221;#FFFFFF&#8221; custom_css_read_more__hover_enabled=&#8221;off|hover&#8221;][\/et_pb_blog][\/et_pb_column][\/et_pb_row][et_pb_row admin_label=&#8221;Wave Blog Module&#8221; module_class=&#8221;hover_images_container&#8221; _builder_version=&#8221;4.16&#8243; locked=&#8221;on&#8221; collapsed=&#8221;on&#8221; global_colors_info=&#8221;{}&#8221;][et_pb_column type=&#8221;4_4&#8243; _builder_version=&#8221;4.16&#8243; custom_padding=&#8221;|||&#8221; global_colors_info=&#8221;{}&#8221; custom_padding__hover=&#8221;|||&#8221;][et_pb_image src=&#8221;https:\/\/monterra.com.tr\/wp-content\/uploads\/2024\/06\/hover-image1.png&#8221; align_tablet=&#8221;center&#8221; align_phone=&#8221;center&#8221; align_last_edited=&#8221;on|desktop&#8221; admin_label=&#8221;Image 369 x 64 pixels&#8221; module_class=&#8221;hover_img1&#8243; _builder_version=&#8221;4.16&#8243; global_colors_info=&#8221;{}&#8221;][\/et_pb_image][et_pb_image src=&#8221;https:\/\/monterra.com.tr\/wp-content\/uploads\/2024\/06\/hover-image2.png&#8221; align_tablet=&#8221;center&#8221; align_phone=&#8221;center&#8221; align_last_edited=&#8221;on|desktop&#8221; admin_label=&#8221;Image 369 x 55 pixels&#8221; module_class=&#8221;hover_img2&#8243; _builder_version=&#8221;4.16&#8243; global_colors_info=&#8221;{}&#8221;][\/et_pb_image][et_pb_image src=&#8221;https:\/\/monterra.com.tr\/wp-content\/uploads\/2024\/06\/hover-image3.png&#8221; align_tablet=&#8221;center&#8221; align_phone=&#8221;center&#8221; align_last_edited=&#8221;on|desktop&#8221; admin_label=&#8221;Image 369 x 92 pixels&#8221; module_class=&#8221;hover_img3&#8243; _builder_version=&#8221;4.16&#8243; global_colors_info=&#8221;{}&#8221;][\/et_pb_image][et_pb_image src=&#8221;https:\/\/monterra.com.tr\/wp-content\/uploads\/2024\/06\/hover-image4.png&#8221; align_tablet=&#8221;center&#8221; align_phone=&#8221;center&#8221; align_last_edited=&#8221;on|desktop&#8221; admin_label=&#8221;Image 369 x 133 pixels&#8221; module_class=&#8221;hover_img4&#8243; _builder_version=&#8221;4.16&#8243; global_colors_info=&#8221;{}&#8221;][\/et_pb_image][et_pb_image src=&#8221;https:\/\/monterra.com.tr\/wp-content\/uploads\/2024\/06\/hover-image5.png&#8221; align_tablet=&#8221;center&#8221; align_phone=&#8221;center&#8221; align_last_edited=&#8221;on|desktop&#8221; admin_label=&#8221;Image 369 x 133 pixels&#8221; module_class=&#8221;hover_img5&#8243; _builder_version=&#8221;4.16&#8243; global_colors_info=&#8221;{}&#8221;][\/et_pb_image][et_pb_image src=&#8221;https:\/\/monterra.com.tr\/wp-content\/uploads\/2024\/06\/hover-image6.png&#8221; align_tablet=&#8221;center&#8221; align_phone=&#8221;center&#8221; align_last_edited=&#8221;on|desktop&#8221; admin_label=&#8221;Image 369 x 300 pixels&#8221; module_class=&#8221;hover_img6&#8243; _builder_version=&#8221;4.16&#8243; global_colors_info=&#8221;{}&#8221;][\/et_pb_image][\/et_pb_column][\/et_pb_row][\/et_pb_section][et_pb_section fb_built=&#8221;1&#8243; admin_label=&#8221;Section &#8211; 5-6 Blog Divi Layout Kit&#8221; module_class=&#8221;blog_5&#8243; _builder_version=&#8221;4.16&#8243; background_color=&#8221;#f9f9f9&#8243; transparent_background=&#8221;off&#8221; global_colors_info=&#8221;{}&#8221;][et_pb_row custom_padding_last_edited=&#8221;on|tablet&#8221; admin_label=&#8221;Row &#8211; 5-6 Blog Divi Layout Kit&#8221; _builder_version=&#8221;4.16&#8243; background_size=&#8221;initial&#8221; background_position=&#8221;top_left&#8221; background_repeat=&#8221;repeat&#8221; custom_padding=&#8221;57px|||&#8221; custom_padding_tablet=&#8221;67px|||&#8221; custom_padding_phone=&#8221;&#8221; custom_css_main_element=&#8221; max-width: 1163px;&#8221; global_colors_info=&#8221;{}&#8221;][et_pb_column type=&#8221;4_4&#8243; _builder_version=&#8221;4.16&#8243; custom_padding=&#8221;|||&#8221; global_colors_info=&#8221;{}&#8221; custom_padding__hover=&#8221;|||&#8221;][et_pb_blog posts_number=&#8221;4&#8243; meta_date=&#8221;j M&#8221; show_pagination=&#8221;off&#8221; admin_label=&#8221;5-6 Blog Divi Layout Kit&#8221; _builder_version=&#8221;4.25.1&#8243; header_font=&#8221;|on|||&#8221; body_font_size=&#8221;16&#8243; meta_font_size=&#8221;16&#8243; hover_enabled=&#8221;0&#8243; pagination_font_size_tablet=&#8221;51&#8243; pagination_line_height_tablet=&#8221;2&#8243; custom_css_title=&#8221;font-size: 18px !important;|| margin-top: 7.7%;|| line-height: 124%;|| padding-bottom: 24px;&#8221; global_colors_info=&#8221;{}&#8221; show_date=&#8221;off&#8221; show_author=&#8221;off&#8221; excerpt_length=&#8221;100&#8243; sticky_enabled=&#8221;0&#8243;][\/et_pb_blog][\/et_pb_column][\/et_pb_row][\/et_pb_section]<\/p>\n","protected":false},"excerpt":{"rendered":"<p>Blog yaz\u0131lar\u0131m\u0131z\u0131 inceleyin.<\/p>\n","protected":false},"author":2,"featured_media":0,"parent":0,"menu_order":0,"comment_status":"closed","ping_status":"closed","template":"","meta":{"_et_pb_use_builder":"on","_et_pb_old_content":"","_et_gb_content_width":"","footnotes":""},"yoast_head":"<!-- This site is optimized with the Yoast SEO plugin v23.2 - https:\/\/yoast.com\/wordpress\/plugins\/seo\/ -->\n<title>Blog - Monterra Kongre &amp; Etkinlik<\/title>\n<meta name=\"robots\" content=\"index, follow, max-snippet:-1, max-image-preview:large, max-video-preview:-1\" \/>\n<link rel=\"canonical\" href=\"https:\/\/monterra.com.tr\/index.php\/blog\/\" \/>\n<meta property=\"og:locale\" content=\"en_US\" \/>\n<meta property=\"og:type\" content=\"article\" \/>\n<meta property=\"og:title\" content=\"Blog - Monterra Kongre &amp; Etkinlik\" \/>\n<meta property=\"og:description\" content=\"Blog yaz\u0131lar\u0131m\u0131z\u0131 inceleyin.\" \/>\n<meta property=\"og:url\" content=\"https:\/\/monterra.com.tr\/index.php\/blog\/\" \/>\n<meta property=\"og:site_name\" content=\"Monterra Kongre &amp; Etkinlik\" \/>\n<meta property=\"article:modified_time\" content=\"2024-06-08T21:40:02+00:00\" \/>\n<meta name=\"twitter:card\" content=\"summary_large_image\" \/>\n<meta name=\"twitter:label1\" content=\"Est. reading time\" \/>\n\t<meta name=\"twitter:data1\" content=\"6 minutes\" \/>\n<script type=\"application\/ld+json\" class=\"yoast-schema-graph\">{\"@context\":\"https:\/\/schema.org\",\"@graph\":[{\"@type\":\"WebPage\",\"@id\":\"https:\/\/monterra.com.tr\/index.php\/blog\/\",\"url\":\"https:\/\/monterra.com.tr\/index.php\/blog\/\",\"name\":\"Blog - Monterra Kongre &amp; Etkinlik\",\"isPartOf\":{\"@id\":\"https:\/\/monterra.com.tr\/#website\"},\"datePublished\":\"2024-06-08T21:28:00+00:00\",\"dateModified\":\"2024-06-08T21:40:02+00:00\",\"breadcrumb\":{\"@id\":\"https:\/\/monterra.com.tr\/index.php\/blog\/#breadcrumb\"},\"inLanguage\":\"en-US\",\"potentialAction\":[{\"@type\":\"ReadAction\",\"target\":[\"https:\/\/monterra.com.tr\/index.php\/blog\/\"]}]},{\"@type\":\"BreadcrumbList\",\"@id\":\"https:\/\/monterra.com.tr\/index.php\/blog\/#breadcrumb\",\"itemListElement\":[{\"@type\":\"ListItem\",\"position\":1,\"name\":\"Home\",\"item\":\"https:\/\/monterra.com.tr\/\"},{\"@type\":\"ListItem\",\"position\":2,\"name\":\"Blog\"}]},{\"@type\":\"WebSite\",\"@id\":\"https:\/\/monterra.com.tr\/#website\",\"url\":\"https:\/\/monterra.com.tr\/\",\"name\":\"Monterra Ko\u0131ngre & Etkinlik\",\"description\":\"Monterra Kongre &amp; Etkinlik Resmi Web Sitesi\",\"publisher\":{\"@id\":\"https:\/\/monterra.com.tr\/#organization\"},\"potentialAction\":[{\"@type\":\"SearchAction\",\"target\":{\"@type\":\"EntryPoint\",\"urlTemplate\":\"https:\/\/monterra.com.tr\/?s={search_term_string}\"},\"query-input\":\"required name=search_term_string\"}],\"inLanguage\":\"en-US\"},{\"@type\":\"Organization\",\"@id\":\"https:\/\/monterra.com.tr\/#organization\",\"name\":\"Monterra Ko\u0131ngre & Etkinlik\",\"url\":\"https:\/\/monterra.com.tr\/\",\"logo\":{\"@type\":\"ImageObject\",\"inLanguage\":\"en-US\",\"@id\":\"https:\/\/monterra.com.tr\/#\/schema\/logo\/image\/\",\"url\":\"https:\/\/monterra.com.tr\/wp-content\/uploads\/2024\/05\/logo-monterra.png\",\"contentUrl\":\"https:\/\/monterra.com.tr\/wp-content\/uploads\/2024\/05\/logo-monterra.png\",\"width\":300,\"height\":112,\"caption\":\"Monterra Ko\u0131ngre & Etkinlik\"},\"image\":{\"@id\":\"https:\/\/monterra.com.tr\/#\/schema\/logo\/image\/\"}}]}<\/script>\n<!-- \/ Yoast SEO plugin. -->","yoast_head_json":{"title":"Blog - Monterra Kongre &amp; Etkinlik","robots":{"index":"index","follow":"follow","max-snippet":"max-snippet:-1","max-image-preview":"max-image-preview:large","max-video-preview":"max-video-preview:-1"},"canonical":"https:\/\/monterra.com.tr\/index.php\/blog\/","og_locale":"en_US","og_type":"article","og_title":"Blog - Monterra Kongre &amp; Etkinlik","og_description":"Blog yaz\u0131lar\u0131m\u0131z\u0131 inceleyin.","og_url":"https:\/\/monterra.com.tr\/index.php\/blog\/","og_site_name":"Monterra Kongre &amp; Etkinlik","article_modified_time":"2024-06-08T21:40:02+00:00","twitter_card":"summary_large_image","twitter_misc":{"Est. reading time":"6 minutes"},"schema":{"@context":"https:\/\/schema.org","@graph":[{"@type":"WebPage","@id":"https:\/\/monterra.com.tr\/index.php\/blog\/","url":"https:\/\/monterra.com.tr\/index.php\/blog\/","name":"Blog - Monterra Kongre &amp; Etkinlik","isPartOf":{"@id":"https:\/\/monterra.com.tr\/#website"},"datePublished":"2024-06-08T21:28:00+00:00","dateModified":"2024-06-08T21:40:02+00:00","breadcrumb":{"@id":"https:\/\/monterra.com.tr\/index.php\/blog\/#breadcrumb"},"inLanguage":"en-US","potentialAction":[{"@type":"ReadAction","target":["https:\/\/monterra.com.tr\/index.php\/blog\/"]}]},{"@type":"BreadcrumbList","@id":"https:\/\/monterra.com.tr\/index.php\/blog\/#breadcrumb","itemListElement":[{"@type":"ListItem","position":1,"name":"Home","item":"https:\/\/monterra.com.tr\/"},{"@type":"ListItem","position":2,"name":"Blog"}]},{"@type":"WebSite","@id":"https:\/\/monterra.com.tr\/#website","url":"https:\/\/monterra.com.tr\/","name":"Monterra Ko\u0131ngre & Etkinlik","description":"Monterra Kongre &amp; Etkinlik Resmi Web Sitesi","publisher":{"@id":"https:\/\/monterra.com.tr\/#organization"},"potentialAction":[{"@type":"SearchAction","target":{"@type":"EntryPoint","urlTemplate":"https:\/\/monterra.com.tr\/?s={search_term_string}"},"query-input":"required name=search_term_string"}],"inLanguage":"en-US"},{"@type":"Organization","@id":"https:\/\/monterra.com.tr\/#organization","name":"Monterra Ko\u0131ngre & Etkinlik","url":"https:\/\/monterra.com.tr\/","logo":{"@type":"ImageObject","inLanguage":"en-US","@id":"https:\/\/monterra.com.tr\/#\/schema\/logo\/image\/","url":"https:\/\/monterra.com.tr\/wp-content\/uploads\/2024\/05\/logo-monterra.png","contentUrl":"https:\/\/monterra.com.tr\/wp-content\/uploads\/2024\/05\/logo-monterra.png","width":300,"height":112,"caption":"Monterra Ko\u0131ngre & Etkinlik"},"image":{"@id":"https:\/\/monterra.com.tr\/#\/schema\/logo\/image\/"}}]}},"_links":{"self":[{"href":"https:\/\/monterra.com.tr\/index.php\/wp-json\/wp\/v2\/pages\/353830"}],"collection":[{"href":"https:\/\/monterra.com.tr\/index.php\/wp-json\/wp\/v2\/pages"}],"about":[{"href":"https:\/\/monterra.com.tr\/index.php\/wp-json\/wp\/v2\/types\/page"}],"author":[{"embeddable":true,"href":"https:\/\/monterra.com.tr\/index.php\/wp-json\/wp\/v2\/users\/2"}],"replies":[{"embeddable":true,"href":"https:\/\/monterra.com.tr\/index.php\/wp-json\/wp\/v2\/comments?post=353830"}],"version-history":[{"count":3,"href":"https:\/\/monterra.com.tr\/index.php\/wp-json\/wp\/v2\/pages\/353830\/revisions"}],"predecessor-version":[{"id":353835,"href":"https:\/\/monterra.com.tr\/index.php\/wp-json\/wp\/v2\/pages\/353830\/revisions\/353835"}],"wp:attachment":[{"href":"https:\/\/monterra.com.tr\/index.php\/wp-json\/wp\/v2\/media?parent=353830"}],"curies":[{"name":"wp","href":"https:\/\/api.w.org\/{rel}","templated":true}]}}