{"id":322739,"date":"2024-06-08T17:07:17","date_gmt":"2024-06-08T14:07:17","guid":{"rendered":"https:\/\/monterra.com.tr\/?page_id=322739"},"modified":"2024-06-08T17:08:12","modified_gmt":"2024-06-08T14:08:12","slug":"neler-yaptik","status":"publish","type":"page","link":"https:\/\/monterra.com.tr\/index.php\/neler-yaptik\/","title":{"rendered":"Neler Yapt\u0131k?"},"content":{"rendered":"<p>[et_pb_section fb_built=&#8221;1&#8243; admin_label=&#8221;Section &#8211; 1-9 Header Divi Layout Kit &#8211; BG Image 1900&#215;1029 Pixels&#8221; module_class=&#8221;header1&#8243; _builder_version=&#8221;4.25.1&#8243; background_image=&#8221;https:\/\/monterra.com.tr\/wp-content\/uploads\/2024\/05\/Adsiz-tasarim-34.png&#8221; custom_padding=&#8221;||0px|&#8221; custom_css_main_element=&#8221;z-index: 99 !important;&#8221; global_colors_info=&#8221;{}&#8221;][et_pb_row column_structure=&#8221;1_3,2_3&#8243; use_custom_gutter=&#8221;on&#8221; make_equal=&#8221;on&#8221; admin_label=&#8221;Row &#8211; 1-9 Header Divi Layout Kit&#8221; module_class=&#8221; et_pb_row_fullwidth&#8221; _builder_version=&#8221;4.16&#8243; background_size=&#8221;initial&#8221; background_position=&#8221;top_left&#8221; background_repeat=&#8221;repeat&#8221; width=&#8221;89%&#8221; width_tablet=&#8221;80%&#8221; width_phone=&#8221;80%&#8221; width_last_edited=&#8221;on|desktop&#8221; max_width=&#8221;89%&#8221; max_width_tablet=&#8221;80%&#8221; max_width_phone=&#8221;80%&#8221; max_width_last_edited=&#8221;on|desktop&#8221; custom_margin=&#8221;||-44px|&#8221; custom_padding=&#8221;14.1vw||0px|||&#8221; custom_css_main_element=&#8221;overflow: visible !important;&#8221; make_fullwidth=&#8221;on&#8221; global_colors_info=&#8221;{}&#8221;][et_pb_column type=&#8221;1_3&#8243; _builder_version=&#8221;4.16&#8243; custom_padding=&#8221;|||&#8221; global_colors_info=&#8221;{}&#8221; custom_padding__hover=&#8221;|||&#8221;][\/et_pb_column][et_pb_column type=&#8221;2_3&#8243; _builder_version=&#8221;4.16&#8243; custom_padding=&#8221;|||&#8221; custom_css_main_element=&#8221; overflow: visible;&#8221; global_colors_info=&#8221;{}&#8221; custom_padding__hover=&#8221;|||&#8221;][et_pb_cta title=&#8221;Neler Yapt\u0131k?&#8221; admin_label=&#8221;CTA &#8211; Choose Freedom.&#8221; _builder_version=&#8221;4.25.1&#8243; header_font=&#8221;Open Sans|on||on|&#8221; header_text_color=&#8221;#ffffff&#8221; header_font_size=&#8221;30px&#8221; body_font=&#8221;Open Sans|on|||&#8221; body_text_color=&#8221;#ffffff&#8221; body_font_size=&#8221;3vw&#8221; background_color=&#8221;#194077&#8243; background_size=&#8221;initial&#8221; background_position=&#8221;top_left&#8221; background_repeat=&#8221;repeat&#8221; text_orientation=&#8221;left&#8221; max_width=&#8221;951px&#8221; custom_margin=&#8221;|3.5vw||&#8221; custom_padding=&#8221;2.5vw|8vw|2.8vw|3vw&#8221; header_font_size_tablet=&#8221;24px&#8221; header_font_size_phone=&#8221;20px&#8221; header_font_size_last_edited=&#8221;on|tablet&#8221; body_font_size_tablet=&#8221;30px&#8221; body_font_size_phone=&#8221;24px&#8221; body_font_size_last_edited=&#8221;on|tablet&#8221; custom_css_main_element=&#8221; float: right;||position: relative;|| top: 45px;&#8221; custom_css_promo_description=&#8221;line-height: 119% !important;|| padding-bottom: 9px !important;||letter-spacing: 1.2px;&#8221; custom_css_promo_title=&#8221;padding-bottom: 25px !important;|| letter-spacing: 0;&#8221; global_colors_info=&#8221;{}&#8221; button_text_size__hover_enabled=&#8221;off&#8221; button_one_text_size__hover_enabled=&#8221;off&#8221; button_two_text_size__hover_enabled=&#8221;off&#8221; button_text_color__hover_enabled=&#8221;off&#8221; button_one_text_color__hover_enabled=&#8221;off&#8221; button_two_text_color__hover_enabled=&#8221;off&#8221; button_border_width__hover_enabled=&#8221;off&#8221; button_one_border_width__hover_enabled=&#8221;off&#8221; button_two_border_width__hover_enabled=&#8221;off&#8221; button_border_color__hover_enabled=&#8221;off&#8221; button_one_border_color__hover_enabled=&#8221;off&#8221; button_two_border_color__hover_enabled=&#8221;off&#8221; button_border_radius__hover_enabled=&#8221;off&#8221; button_one_border_radius__hover_enabled=&#8221;off&#8221; button_two_border_radius__hover_enabled=&#8221;off&#8221; button_letter_spacing__hover_enabled=&#8221;off&#8221; button_one_letter_spacing__hover_enabled=&#8221;off&#8221; button_two_letter_spacing__hover_enabled=&#8221;off&#8221; button_bg_color__hover_enabled=&#8221;off&#8221; button_one_bg_color__hover_enabled=&#8221;off&#8221; button_two_bg_color__hover_enabled=&#8221;off&#8221;][\/et_pb_cta][\/et_pb_column][\/et_pb_row][\/et_pb_section][et_pb_section fb_built=&#8221;1&#8243; admin_label=&#8221;Section &#8211; 9-14 Content Divi Layout Kit&#8221; module_class=&#8221;content9&#8243; _builder_version=&#8221;4.16&#8243; custom_padding=&#8221;120px|||&#8221; transparent_background=&#8221;off&#8221; global_colors_info=&#8221;{}&#8221;][et_pb_row custom_padding_last_edited=&#8221;on|desktop&#8221; admin_label=&#8221;Row &#8211; 9-14 Content Divi Layout Kit&#8221; _builder_version=&#8221;4.16&#8243; background_size=&#8221;initial&#8221; background_position=&#8221;top_left&#8221; background_repeat=&#8221;repeat&#8221; custom_padding=&#8221;|0px||&#8221; custom_padding_tablet=&#8221;|0px|0px|&#8221; custom_padding_phone=&#8221;&#8221; global_colors_info=&#8221;{}&#8221;][et_pb_column type=&#8221;4_4&#8243; _builder_version=&#8221;4.16&#8243; custom_padding=&#8221;|||&#8221; global_colors_info=&#8221;{}&#8221; custom_padding__hover=&#8221;|||&#8221;][et_pb_cta title=&#8221;GER\u00c7EKLE\u015eT\u0130RD\u0130\u011e\u0130M\u0130Z ETK\u0130NL\u0130KLER\u0130 \u0130NCELEY\u0130N&#8221; admin_label=&#8221;CTA &#8211; Awesome Title here &#8221; _builder_version=&#8221;4.25.1&#8243; header_font=&#8221;|on||on|&#8221; header_text_color=&#8221;#194077&#8243; header_font_size=&#8221;25&#8243; body_text_color=&#8221;#a7a7a7&#8243; body_font_size=&#8221;18px&#8221; use_background_color=&#8221;off&#8221; background_size=&#8221;initial&#8221; background_position=&#8221;top_left&#8221; background_repeat=&#8221;repeat&#8221; background_layout=&#8221;light&#8221; header_font_size_tablet=&#8221;22&#8243; header_font_size_phone=&#8221;&#8221; header_font_size_last_edited=&#8221;on|tablet&#8221; body_font_size_tablet=&#8221;18&#8243; body_font_size_phone=&#8221;16&#8243; body_font_size_last_edited=&#8221;on|desktop&#8221; custom_css_promo_description=&#8221; line-height: 170%;|| margin: 0 auto;|| max-width: 880px;&#8221; custom_css_promo_title=&#8221; padding-bottom: 23px;&#8221; global_colors_info=&#8221;{}&#8221; button_text_size__hover_enabled=&#8221;off&#8221; button_one_text_size__hover_enabled=&#8221;off&#8221; button_two_text_size__hover_enabled=&#8221;off&#8221; button_text_color__hover_enabled=&#8221;off&#8221; button_one_text_color__hover_enabled=&#8221;off&#8221; button_two_text_color__hover_enabled=&#8221;off&#8221; button_border_width__hover_enabled=&#8221;off&#8221; button_one_border_width__hover_enabled=&#8221;off&#8221; button_two_border_width__hover_enabled=&#8221;off&#8221; button_border_color__hover_enabled=&#8221;off&#8221; button_one_border_color__hover_enabled=&#8221;off&#8221; button_two_border_color__hover_enabled=&#8221;off&#8221; button_border_radius__hover_enabled=&#8221;off&#8221; button_one_border_radius__hover_enabled=&#8221;off&#8221; button_two_border_radius__hover_enabled=&#8221;off&#8221; button_letter_spacing__hover_enabled=&#8221;off&#8221; button_one_letter_spacing__hover_enabled=&#8221;off&#8221; button_two_letter_spacing__hover_enabled=&#8221;off&#8221; button_bg_color__hover_enabled=&#8221;off&#8221; button_one_bg_color__hover_enabled=&#8221;off&#8221; button_two_bg_color__hover_enabled=&#8221;off&#8221;]<\/p>\n<p>Monterra ile her etkinlikte \u00f6zel ve benzersiz bir deneyim ya\u015famaya haz\u0131r olun. Profesyonel ekibimiz ile birlikte, hayalinizdeki etkinli\u011fi ger\u00e7e\u011fe d\u00f6n\u00fc\u015ft\u00fcrmek i\u00e7in yan\u0131n\u0131zday\u0131z. Bizimle ileti\u015fime ge\u00e7in ve size \u00f6zel etkinlik \u00e7\u00f6z\u00fcmleriyle tan\u0131\u015f\u0131n.<\/p>\n<p>[\/et_pb_cta][\/et_pb_column][\/et_pb_row][\/et_pb_section][et_pb_section fb_built=&#8221;1&#8243; admin_label=&#8221;Section &#8211; 4 of 8 Divi Person Module &#8211; 4 Col &#8211; Full Width &#8211; Top&#8221; _builder_version=&#8221;4.16&#8243; custom_padding=&#8221;0px||87px|||&#8221; global_colors_info=&#8221;{}&#8221;][et_pb_row column_structure=&#8221;1_4,1_4,1_4,1_4&#8243; admin_label=&#8221;Row &#8211; 4 of 8 Divi Person Module &#8211; 4 Col &#8211; Full Width &#8211; Top&#8221; module_class=&#8221; et_pb_row_fullwidth&#8221; _builder_version=&#8221;4.16&#8243; background_size=&#8221;initial&#8221; background_position=&#8221;top_left&#8221; background_repeat=&#8221;repeat&#8221; width=&#8221;89%&#8221; width_tablet=&#8221;80%&#8221; width_phone=&#8221;80%&#8221; width_last_edited=&#8221;on|desktop&#8221; max_width=&#8221;89%&#8221; max_width_tablet=&#8221;80%&#8221; max_width_phone=&#8221;80%&#8221; max_width_last_edited=&#8221;on|desktop&#8221; custom_padding=&#8221;0px|0px|0px|0px&#8221; make_fullwidth=&#8221;on&#8221; global_colors_info=&#8221;{}&#8221;][et_pb_column type=&#8221;1_4&#8243; _builder_version=&#8221;4.16&#8243; custom_padding=&#8221;|||&#8221; global_colors_info=&#8221;{}&#8221; custom_padding__hover=&#8221;|||&#8221;][et_pb_team_member name=&#8221;XXX. Ulusal Alerji ve Klinik \u0130mm\u00fcnoloji Kongresi&#8221; image_url=&#8221;https:\/\/monterra.com.tr\/wp-content\/uploads\/2024\/06\/allerji-2024-KAPAK-OK-01.webp&#8221; admin_label=&#8221;Person &#8211; Image 494 x 466 Pixels&#8221; module_class=&#8221;team4&#8243; _builder_version=&#8221;4.25.1&#8243; header_font=&#8221;Open Sans|on|||&#8221; header_font_size=&#8221;24&#8243; body_font=&#8221;Open Sans||||&#8221; body_font_size=&#8221;16&#8243; background_size=&#8221;initial&#8221; background_position=&#8221;top_left&#8221; background_repeat=&#8221;repeat&#8221; background_layout=&#8221;dark&#8221; custom_css_main_element=&#8221; position: relative;&#8221; custom_css_member_image=&#8221;margin: 0 !important;&#8221; custom_css_member_description=&#8221;background-color: rgba(0, 0, 0, 0.5);||position: absolute !important;||width: 100%;|| padding: 33px 40px;|| bottom: 0;&#8221; custom_css_title=&#8221;padding-bottom: 6px;&#8221; custom_css_member_position=&#8221; font-size: 18px;&#8221; saved_tabs=&#8221;all&#8221; global_colors_info=&#8221;{}&#8221;][\/et_pb_team_member][et_pb_team_member name=&#8221;XXX. Ulusal Alerji ve Klinik \u0130mm\u00fcnoloji Kongresi&#8221; image_url=&#8221;https:\/\/monterra.com.tr\/wp-content\/uploads\/2024\/06\/allerji-2024-KAPAK-OK-01.webp&#8221; admin_label=&#8221;Person &#8211; Image 494 x 466 Pixels&#8221; module_class=&#8221;team4&#8243; _builder_version=&#8221;4.25.1&#8243; header_font=&#8221;Open Sans|on|||&#8221; header_font_size=&#8221;24&#8243; body_font=&#8221;Open Sans||||&#8221; body_font_size=&#8221;16&#8243; background_size=&#8221;initial&#8221; background_position=&#8221;top_left&#8221; background_repeat=&#8221;repeat&#8221; background_layout=&#8221;dark&#8221; custom_css_main_element=&#8221; position: relative;&#8221; custom_css_member_image=&#8221;margin: 0 !important;&#8221; custom_css_member_description=&#8221;background-color: rgba(0, 0, 0, 0.5);||position: absolute !important;||width: 100%;|| padding: 33px 40px;|| bottom: 0;&#8221; custom_css_title=&#8221;padding-bottom: 6px;&#8221; custom_css_member_position=&#8221; font-size: 18px;&#8221; saved_tabs=&#8221;all&#8221; locked=&#8221;off&#8221; global_colors_info=&#8221;{}&#8221;][\/et_pb_team_member][\/et_pb_column][et_pb_column type=&#8221;1_4&#8243; _builder_version=&#8221;4.16&#8243; custom_padding=&#8221;|||&#8221; global_colors_info=&#8221;{}&#8221; custom_padding__hover=&#8221;|||&#8221;][et_pb_team_member name=&#8221;XXX. Ulusal Alerji ve Klinik \u0130mm\u00fcnoloji Kongresi&#8221; image_url=&#8221;https:\/\/monterra.com.tr\/wp-content\/uploads\/2024\/06\/allerji-2024-KAPAK-OK-01.webp&#8221; admin_label=&#8221;Person &#8211; Image 494 x 466 Pixels&#8221; module_class=&#8221;team4&#8243; _builder_version=&#8221;4.25.1&#8243; header_font=&#8221;Open Sans|on|||&#8221; header_font_size=&#8221;24&#8243; body_font=&#8221;Open Sans||||&#8221; body_font_size=&#8221;16&#8243; background_size=&#8221;initial&#8221; background_position=&#8221;top_left&#8221; background_repeat=&#8221;repeat&#8221; background_layout=&#8221;dark&#8221; custom_css_main_element=&#8221; position: relative;&#8221; custom_css_member_image=&#8221;margin: 0 !important;&#8221; custom_css_member_description=&#8221;background-color: rgba(0, 0, 0, 0.5);||position: absolute !important;||width: 100%;|| padding: 33px 40px;|| bottom: 0;&#8221; custom_css_title=&#8221;padding-bottom: 6px;&#8221; custom_css_member_position=&#8221; font-size: 18px;&#8221; saved_tabs=&#8221;all&#8221; locked=&#8221;off&#8221; global_colors_info=&#8221;{}&#8221;][\/et_pb_team_member][et_pb_team_member name=&#8221;XXX. Ulusal Alerji ve Klinik \u0130mm\u00fcnoloji Kongresi&#8221; image_url=&#8221;https:\/\/monterra.com.tr\/wp-content\/uploads\/2024\/06\/allerji-2024-KAPAK-OK-01.webp&#8221; admin_label=&#8221;Person &#8211; Image 494 x 466 Pixels&#8221; module_class=&#8221;team4&#8243; _builder_version=&#8221;4.25.1&#8243; header_font=&#8221;Open Sans|on|||&#8221; header_font_size=&#8221;24&#8243; body_font=&#8221;Open Sans||||&#8221; body_font_size=&#8221;16&#8243; background_size=&#8221;initial&#8221; background_position=&#8221;top_left&#8221; background_repeat=&#8221;repeat&#8221; background_layout=&#8221;dark&#8221; custom_css_main_element=&#8221; position: relative;&#8221; custom_css_member_image=&#8221;margin: 0 !important;&#8221; custom_css_member_description=&#8221;background-color: rgba(0, 0, 0, 0.5);||position: absolute !important;||width: 100%;|| padding: 33px 40px;|| bottom: 0;&#8221; custom_css_title=&#8221;padding-bottom: 6px;&#8221; custom_css_member_position=&#8221; font-size: 18px;&#8221; saved_tabs=&#8221;all&#8221; locked=&#8221;off&#8221; global_colors_info=&#8221;{}&#8221;][\/et_pb_team_member][\/et_pb_column][et_pb_column type=&#8221;1_4&#8243; _builder_version=&#8221;4.16&#8243; custom_padding=&#8221;|||&#8221; global_colors_info=&#8221;{}&#8221; custom_padding__hover=&#8221;|||&#8221;][et_pb_team_member name=&#8221;XXX. Ulusal Alerji ve Klinik \u0130mm\u00fcnoloji Kongresi&#8221; image_url=&#8221;https:\/\/monterra.com.tr\/wp-content\/uploads\/2024\/06\/allerji-2024-KAPAK-OK-01.webp&#8221; admin_label=&#8221;Person &#8211; Image 494 x 466 Pixels&#8221; module_class=&#8221;team4&#8243; _builder_version=&#8221;4.25.1&#8243; header_font=&#8221;Open Sans|on|||&#8221; header_font_size=&#8221;24&#8243; body_font=&#8221;Open Sans||||&#8221; body_font_size=&#8221;16&#8243; background_size=&#8221;initial&#8221; background_position=&#8221;top_left&#8221; background_repeat=&#8221;repeat&#8221; background_layout=&#8221;dark&#8221; custom_css_main_element=&#8221; position: relative;&#8221; custom_css_member_image=&#8221;margin: 0 !important;&#8221; custom_css_member_description=&#8221;background-color: rgba(0, 0, 0, 0.5);||position: absolute !important;||width: 100%;|| padding: 33px 40px;|| bottom: 0;&#8221; custom_css_title=&#8221;padding-bottom: 6px;&#8221; custom_css_member_position=&#8221; font-size: 18px;&#8221; saved_tabs=&#8221;all&#8221; locked=&#8221;off&#8221; global_colors_info=&#8221;{}&#8221;][\/et_pb_team_member][et_pb_team_member name=&#8221;XXX. Ulusal Alerji ve Klinik \u0130mm\u00fcnoloji Kongresi&#8221; image_url=&#8221;https:\/\/monterra.com.tr\/wp-content\/uploads\/2024\/06\/allerji-2024-KAPAK-OK-01.webp&#8221; admin_label=&#8221;Person &#8211; Image 494 x 466 Pixels&#8221; module_class=&#8221;team4&#8243; _builder_version=&#8221;4.25.1&#8243; header_font=&#8221;Open Sans|on|||&#8221; header_font_size=&#8221;24&#8243; body_font=&#8221;Open Sans||||&#8221; body_font_size=&#8221;16&#8243; background_size=&#8221;initial&#8221; background_position=&#8221;top_left&#8221; background_repeat=&#8221;repeat&#8221; background_layout=&#8221;dark&#8221; custom_css_main_element=&#8221; position: relative;&#8221; custom_css_member_image=&#8221;margin: 0 !important;&#8221; custom_css_member_description=&#8221;background-color: rgba(0, 0, 0, 0.5);||position: absolute !important;||width: 100%;|| padding: 33px 40px;|| bottom: 0;&#8221; custom_css_title=&#8221;padding-bottom: 6px;&#8221; custom_css_member_position=&#8221; font-size: 18px;&#8221; saved_tabs=&#8221;all&#8221; locked=&#8221;off&#8221; global_colors_info=&#8221;{}&#8221;][\/et_pb_team_member][\/et_pb_column][et_pb_column type=&#8221;1_4&#8243; _builder_version=&#8221;4.16&#8243; custom_padding=&#8221;|||&#8221; global_colors_info=&#8221;{}&#8221; custom_padding__hover=&#8221;|||&#8221;][et_pb_team_member name=&#8221;XXX. Ulusal Alerji ve Klinik \u0130mm\u00fcnoloji Kongresi&#8221; image_url=&#8221;https:\/\/monterra.com.tr\/wp-content\/uploads\/2024\/06\/allerji-2024-KAPAK-OK-01.webp&#8221; admin_label=&#8221;Person &#8211; Image 494 x 466 Pixels&#8221; module_class=&#8221;team4&#8243; _builder_version=&#8221;4.25.1&#8243; header_font=&#8221;Open Sans|on|||&#8221; header_font_size=&#8221;24&#8243; body_font=&#8221;Open Sans||||&#8221; body_font_size=&#8221;16&#8243; background_size=&#8221;initial&#8221; background_position=&#8221;top_left&#8221; background_repeat=&#8221;repeat&#8221; background_layout=&#8221;dark&#8221; custom_css_main_element=&#8221; position: relative;&#8221; custom_css_member_image=&#8221;margin: 0 !important;&#8221; custom_css_member_description=&#8221;background-color: rgba(0, 0, 0, 0.5);||position: absolute !important;||width: 100%;|| padding: 33px 40px;|| bottom: 0;&#8221; custom_css_title=&#8221;padding-bottom: 6px;&#8221; custom_css_member_position=&#8221; font-size: 18px;&#8221; saved_tabs=&#8221;all&#8221; locked=&#8221;off&#8221; global_colors_info=&#8221;{}&#8221;][\/et_pb_team_member][et_pb_team_member name=&#8221;XXX. Ulusal Alerji ve Klinik \u0130mm\u00fcnoloji Kongresi&#8221; image_url=&#8221;https:\/\/monterra.com.tr\/wp-content\/uploads\/2024\/06\/allerji-2024-KAPAK-OK-01.webp&#8221; admin_label=&#8221;Person &#8211; Image 494 x 466 Pixels&#8221; module_class=&#8221;team4&#8243; _builder_version=&#8221;4.25.1&#8243; header_font=&#8221;Open Sans|on|||&#8221; header_font_size=&#8221;24&#8243; body_font=&#8221;Open Sans||||&#8221; body_font_size=&#8221;16&#8243; background_size=&#8221;initial&#8221; background_position=&#8221;top_left&#8221; background_repeat=&#8221;repeat&#8221; background_layout=&#8221;dark&#8221; custom_css_main_element=&#8221; position: relative;&#8221; custom_css_member_image=&#8221;margin: 0 !important;&#8221; custom_css_member_description=&#8221;background-color: rgba(0, 0, 0, 0.5);||position: absolute !important;||width: 100%;|| padding: 33px 40px;|| bottom: 0;&#8221; custom_css_title=&#8221;padding-bottom: 6px;&#8221; custom_css_member_position=&#8221; font-size: 18px;&#8221; saved_tabs=&#8221;all&#8221; locked=&#8221;off&#8221; global_colors_info=&#8221;{}&#8221;][\/et_pb_team_member][\/et_pb_column][\/et_pb_row][\/et_pb_section]<\/p>\n","protected":false},"excerpt":{"rendered":"<p>Monterra ile her etkinlikte \u00f6zel ve benzersiz bir deneyim ya\u015famaya haz\u0131r olun. Profesyonel ekibimiz ile birlikte, hayalinizdeki etkinli\u011fi ger\u00e7e\u011fe d\u00f6n\u00fc\u015ft\u00fcrmek i\u00e7in yan\u0131n\u0131zday\u0131z. Bizimle ileti\u015fime ge\u00e7in ve size \u00f6zel etkinlik \u00e7\u00f6z\u00fcmleriyle tan\u0131\u015f\u0131n.<\/p>\n","protected":false},"author":2,"featured_media":0,"parent":0,"menu_order":0,"comment_status":"closed","ping_status":"closed","template":"","meta":{"_et_pb_use_builder":"on","_et_pb_old_content":"","_et_gb_content_width":"","footnotes":""},"yoast_head":"<!-- This site is optimized with the Yoast SEO plugin v23.2 - https:\/\/yoast.com\/wordpress\/plugins\/seo\/ -->\n<title>Neler Yapt\u0131k? - Monterra Kongre &amp; Etkinlik<\/title>\n<meta name=\"robots\" content=\"index, follow, max-snippet:-1, max-image-preview:large, max-video-preview:-1\" \/>\n<link rel=\"canonical\" href=\"https:\/\/monterra.com.tr\/index.php\/neler-yaptik\/\" \/>\n<meta property=\"og:locale\" content=\"en_US\" \/>\n<meta property=\"og:type\" content=\"article\" \/>\n<meta property=\"og:title\" content=\"Neler Yapt\u0131k? - Monterra Kongre &amp; Etkinlik\" \/>\n<meta property=\"og:description\" content=\"Monterra ile her etkinlikte \u00f6zel ve benzersiz bir deneyim ya\u015famaya haz\u0131r olun. Profesyonel ekibimiz ile birlikte, hayalinizdeki etkinli\u011fi ger\u00e7e\u011fe d\u00f6n\u00fc\u015ft\u00fcrmek i\u00e7in yan\u0131n\u0131zday\u0131z. Bizimle ileti\u015fime ge\u00e7in ve size \u00f6zel etkinlik \u00e7\u00f6z\u00fcmleriyle tan\u0131\u015f\u0131n.\" \/>\n<meta property=\"og:url\" content=\"https:\/\/monterra.com.tr\/index.php\/neler-yaptik\/\" \/>\n<meta property=\"og:site_name\" content=\"Monterra Kongre &amp; Etkinlik\" \/>\n<meta property=\"article:modified_time\" content=\"2024-06-08T14:08:12+00:00\" \/>\n<meta name=\"twitter:card\" content=\"summary_large_image\" \/>\n<meta name=\"twitter:label1\" content=\"Est. reading time\" \/>\n\t<meta name=\"twitter:data1\" content=\"10 minutes\" \/>\n<script type=\"application\/ld+json\" class=\"yoast-schema-graph\">{\"@context\":\"https:\/\/schema.org\",\"@graph\":[{\"@type\":\"WebPage\",\"@id\":\"https:\/\/monterra.com.tr\/index.php\/neler-yaptik\/\",\"url\":\"https:\/\/monterra.com.tr\/index.php\/neler-yaptik\/\",\"name\":\"Neler Yapt\u0131k? - Monterra Kongre &amp; Etkinlik\",\"isPartOf\":{\"@id\":\"https:\/\/monterra.com.tr\/#website\"},\"datePublished\":\"2024-06-08T14:07:17+00:00\",\"dateModified\":\"2024-06-08T14:08:12+00:00\",\"breadcrumb\":{\"@id\":\"https:\/\/monterra.com.tr\/index.php\/neler-yaptik\/#breadcrumb\"},\"inLanguage\":\"en-US\",\"potentialAction\":[{\"@type\":\"ReadAction\",\"target\":[\"https:\/\/monterra.com.tr\/index.php\/neler-yaptik\/\"]}]},{\"@type\":\"BreadcrumbList\",\"@id\":\"https:\/\/monterra.com.tr\/index.php\/neler-yaptik\/#breadcrumb\",\"itemListElement\":[{\"@type\":\"ListItem\",\"position\":1,\"name\":\"Home\",\"item\":\"https:\/\/monterra.com.tr\/\"},{\"@type\":\"ListItem\",\"position\":2,\"name\":\"Neler Yapt\u0131k?\"}]},{\"@type\":\"WebSite\",\"@id\":\"https:\/\/monterra.com.tr\/#website\",\"url\":\"https:\/\/monterra.com.tr\/\",\"name\":\"Monterra Ko\u0131ngre & Etkinlik\",\"description\":\"Monterra Kongre &amp; Etkinlik Resmi Web Sitesi\",\"publisher\":{\"@id\":\"https:\/\/monterra.com.tr\/#organization\"},\"potentialAction\":[{\"@type\":\"SearchAction\",\"target\":{\"@type\":\"EntryPoint\",\"urlTemplate\":\"https:\/\/monterra.com.tr\/?s={search_term_string}\"},\"query-input\":\"required name=search_term_string\"}],\"inLanguage\":\"en-US\"},{\"@type\":\"Organization\",\"@id\":\"https:\/\/monterra.com.tr\/#organization\",\"name\":\"Monterra Ko\u0131ngre & Etkinlik\",\"url\":\"https:\/\/monterra.com.tr\/\",\"logo\":{\"@type\":\"ImageObject\",\"inLanguage\":\"en-US\",\"@id\":\"https:\/\/monterra.com.tr\/#\/schema\/logo\/image\/\",\"url\":\"https:\/\/monterra.com.tr\/wp-content\/uploads\/2024\/05\/logo-monterra.png\",\"contentUrl\":\"https:\/\/monterra.com.tr\/wp-content\/uploads\/2024\/05\/logo-monterra.png\",\"width\":300,\"height\":112,\"caption\":\"Monterra Ko\u0131ngre & Etkinlik\"},\"image\":{\"@id\":\"https:\/\/monterra.com.tr\/#\/schema\/logo\/image\/\"}}]}<\/script>\n<!-- \/ Yoast SEO plugin. -->","yoast_head_json":{"title":"Neler Yapt\u0131k? - Monterra Kongre &amp; Etkinlik","robots":{"index":"index","follow":"follow","max-snippet":"max-snippet:-1","max-image-preview":"max-image-preview:large","max-video-preview":"max-video-preview:-1"},"canonical":"https:\/\/monterra.com.tr\/index.php\/neler-yaptik\/","og_locale":"en_US","og_type":"article","og_title":"Neler Yapt\u0131k? - Monterra Kongre &amp; Etkinlik","og_description":"Monterra ile her etkinlikte \u00f6zel ve benzersiz bir deneyim ya\u015famaya haz\u0131r olun. Profesyonel ekibimiz ile birlikte, hayalinizdeki etkinli\u011fi ger\u00e7e\u011fe d\u00f6n\u00fc\u015ft\u00fcrmek i\u00e7in yan\u0131n\u0131zday\u0131z. Bizimle ileti\u015fime ge\u00e7in ve size \u00f6zel etkinlik \u00e7\u00f6z\u00fcmleriyle tan\u0131\u015f\u0131n.","og_url":"https:\/\/monterra.com.tr\/index.php\/neler-yaptik\/","og_site_name":"Monterra Kongre &amp; Etkinlik","article_modified_time":"2024-06-08T14:08:12+00:00","twitter_card":"summary_large_image","twitter_misc":{"Est. reading time":"10 minutes"},"schema":{"@context":"https:\/\/schema.org","@graph":[{"@type":"WebPage","@id":"https:\/\/monterra.com.tr\/index.php\/neler-yaptik\/","url":"https:\/\/monterra.com.tr\/index.php\/neler-yaptik\/","name":"Neler Yapt\u0131k? - Monterra Kongre &amp; Etkinlik","isPartOf":{"@id":"https:\/\/monterra.com.tr\/#website"},"datePublished":"2024-06-08T14:07:17+00:00","dateModified":"2024-06-08T14:08:12+00:00","breadcrumb":{"@id":"https:\/\/monterra.com.tr\/index.php\/neler-yaptik\/#breadcrumb"},"inLanguage":"en-US","potentialAction":[{"@type":"ReadAction","target":["https:\/\/monterra.com.tr\/index.php\/neler-yaptik\/"]}]},{"@type":"BreadcrumbList","@id":"https:\/\/monterra.com.tr\/index.php\/neler-yaptik\/#breadcrumb","itemListElement":[{"@type":"ListItem","position":1,"name":"Home","item":"https:\/\/monterra.com.tr\/"},{"@type":"ListItem","position":2,"name":"Neler Yapt\u0131k?"}]},{"@type":"WebSite","@id":"https:\/\/monterra.com.tr\/#website","url":"https:\/\/monterra.com.tr\/","name":"Monterra Ko\u0131ngre & Etkinlik","description":"Monterra Kongre &amp; Etkinlik Resmi Web Sitesi","publisher":{"@id":"https:\/\/monterra.com.tr\/#organization"},"potentialAction":[{"@type":"SearchAction","target":{"@type":"EntryPoint","urlTemplate":"https:\/\/monterra.com.tr\/?s={search_term_string}"},"query-input":"required name=search_term_string"}],"inLanguage":"en-US"},{"@type":"Organization","@id":"https:\/\/monterra.com.tr\/#organization","name":"Monterra Ko\u0131ngre & Etkinlik","url":"https:\/\/monterra.com.tr\/","logo":{"@type":"ImageObject","inLanguage":"en-US","@id":"https:\/\/monterra.com.tr\/#\/schema\/logo\/image\/","url":"https:\/\/monterra.com.tr\/wp-content\/uploads\/2024\/05\/logo-monterra.png","contentUrl":"https:\/\/monterra.com.tr\/wp-content\/uploads\/2024\/05\/logo-monterra.png","width":300,"height":112,"caption":"Monterra Ko\u0131ngre & Etkinlik"},"image":{"@id":"https:\/\/monterra.com.tr\/#\/schema\/logo\/image\/"}}]}},"_links":{"self":[{"href":"https:\/\/monterra.com.tr\/index.php\/wp-json\/wp\/v2\/pages\/322739"}],"collection":[{"href":"https:\/\/monterra.com.tr\/index.php\/wp-json\/wp\/v2\/pages"}],"about":[{"href":"https:\/\/monterra.com.tr\/index.php\/wp-json\/wp\/v2\/types\/page"}],"author":[{"embeddable":true,"href":"https:\/\/monterra.com.tr\/index.php\/wp-json\/wp\/v2\/users\/2"}],"replies":[{"embeddable":true,"href":"https:\/\/monterra.com.tr\/index.php\/wp-json\/wp\/v2\/comments?post=322739"}],"version-history":[{"count":3,"href":"https:\/\/monterra.com.tr\/index.php\/wp-json\/wp\/v2\/pages\/322739\/revisions"}],"predecessor-version":[{"id":322764,"href":"https:\/\/monterra.com.tr\/index.php\/wp-json\/wp\/v2\/pages\/322739\/revisions\/322764"}],"wp:attachment":[{"href":"https:\/\/monterra.com.tr\/index.php\/wp-json\/wp\/v2\/media?parent=322739"}],"curies":[{"name":"wp","href":"https:\/\/api.w.org\/{rel}","templated":true}]}}